{"id":6120,"date":"2024-12-13T15:52:44","date_gmt":"2024-12-13T14:52:44","guid":{"rendered":"https:\/\/www.sportbezbarier.org\/?page_id=6120"},"modified":"2024-12-13T16:03:21","modified_gmt":"2024-12-13T15:03:21","slug":"chce-pomoc","status":"publish","type":"page","link":"https:\/\/www.sportbezbarier.org\/en\/chce-pomoc\/","title":{"rendered":"I would like to help"},"content":{"rendered":"<div data-elementor-type=\"wp-page\" data-elementor-id=\"6120\" class=\"elementor elementor-6120\">\n\t\t\t\t<div class=\"elementor-element elementor-element-aabb7df e-flex e-con-boxed e-con e-parent\" data-id=\"aabb7df\" data-element_type=\"container\" data-e-type=\"container\">\n\t\t\t\t\t<div class=\"e-con-inner\">\n\t\t\t\t<div class=\"elementor-element elementor-element-c702d11 elementor-widget elementor-widget-text-editor\" data-id=\"c702d11\" data-element_type=\"widget\" data-e-type=\"widget\" data-widget_type=\"text-editor.default\">\n\t\t\t\t<div class=\"elementor-widget-container\">\n\t\t\t\t\t\t\t\t\t<p>We invite you to support our Foundation, whose mission is to support the development of mixed abilities sports. Every donation allows us to create and support activities helping our athletes to actively participate in sports life.<\/p>\n<p><br><\/p>\n<p><b>Tax benefits:<\/b><\/p>\n<p>By making a donation, you not only support the mixed ability sports but also gain tax benefits. Individuals can deduct the donation up to 6% of income, and companies - up to 10% of income. All you need to do is keep the transfer confirmation and include it in your annual PIT or CIT.\nShould you need an extra confirmation or donation contract, simply contact us.<\/p>\n<p><br><\/p>\n<p><b>Transfer details:<\/b><\/p>\n<p>Nest Bank: 48 2530 0008 2049 1083 5897 0001<\/p>\n<p>\"Donation for statutory purposes - sports activities\/darowizna na cele statutowe-zajecia sportowe\"<\/p>\t\t\t\t\t\t\t\t<\/div>\n\t\t\t\t<\/div>\n\t\t\t\t\t<\/div>\n\t\t\t\t<\/div>\n\t\t\t\t<\/div>","protected":false},"excerpt":{"rendered":"<p>Zapraszamy do wsparcia FSBB, kt\u00f3rej misj\u0105 jest w\u0142a\u015bnie wspieranie rozwoju sportu os\u00f3b z niepe\u0142nosprawno\u015bciami. Ka\u017cda darowizna pozwala nam realizowa\u0107 zaj\u0119cia i wydarzenia sportowe oraz pomaga\u0107 naszym podopiecznym w aktywnym uczestnictwie w \u017cyciu sportowym. Korzy\u015bci podatkowe: Przekazuj\u0105c darowizn\u0119, nie tylko wspierasz sportowe marzenia os\u00f3b z niepe\u0142nosprawno\u015bciami, ale tak\u017ce zyskujesz korzy\u015bci podatkowe. Osoby fizyczne mog\u0105 odliczy\u0107 darowizn\u0119 do 6% dochodu, a przedsi\u0119biorstwa&#8230;<\/p>","protected":false},"author":2,"featured_media":6033,"parent":0,"menu_order":0,"comment_status":"closed","ping_status":"closed","template":"","meta":{"footnotes":""},"class_list":["post-6120","page","type-page","status-publish","has-post-thumbnail","hentry"],"_links":{"self":[{"href":"https:\/\/www.sportbezbarier.org\/en\/wp-json\/wp\/v2\/pages\/6120","targetHints":{"allow":["GET"]}}],"collection":[{"href":"https:\/\/www.sportbezbarier.org\/en\/wp-json\/wp\/v2\/pages"}],"about":[{"href":"https:\/\/www.sportbezbarier.org\/en\/wp-json\/wp\/v2\/types\/page"}],"author":[{"embeddable":true,"href":"https:\/\/www.sportbezbarier.org\/en\/wp-json\/wp\/v2\/users\/2"}],"replies":[{"embeddable":true,"href":"https:\/\/www.sportbezbarier.org\/en\/wp-json\/wp\/v2\/comments?post=6120"}],"version-history":[{"count":4,"href":"https:\/\/www.sportbezbarier.org\/en\/wp-json\/wp\/v2\/pages\/6120\/revisions"}],"predecessor-version":[{"id":6129,"href":"https:\/\/www.sportbezbarier.org\/en\/wp-json\/wp\/v2\/pages\/6120\/revisions\/6129"}],"wp:featuredmedia":[{"embeddable":true,"href":"https:\/\/www.sportbezbarier.org\/en\/wp-json\/wp\/v2\/media\/6033"}],"wp:attachment":[{"href":"https:\/\/www.sportbezbarier.org\/en\/wp-json\/wp\/v2\/media?parent=6120"}],"curies":[{"name":"wp","href":"https:\/\/api.w.org\/{rel}","templated":true}]}}